{"id":1211,"date":"2021-11-09T18:04:48","date_gmt":"2021-11-09T21:04:48","guid":{"rendered":"https:\/\/ifdcferraro-lrj.infd.edu.ar\/sitio\/?page_id=1211"},"modified":"2025-11-10T21:29:10","modified_gmt":"2025-11-11T00:29:10","slug":"ingreso","status":"publish","type":"page","link":"https:\/\/ifdcferraro-lrj.infd.edu.ar\/sitio\/ingreso\/","title":{"rendered":"INGRESO"},"content":{"rendered":"\n<hr class=\"wp-block-separator has-alpha-channel-opacity\"\/>\n\n\n\n<h2 class=\"wp-block-heading has-accent-color has-text-color\">PERFIL DEL EGRESADO<\/h2>\n\n\n\n<p>La formaci\u00f3n docente inicial debe preparar a los futuros docentes para desempe\u00f1arse en diversos contextos de la educaci\u00f3n primaria, como \u00e1mbitos urbanos, rurales, domiciliarios, hospitalarios y en la educaci\u00f3n de j\u00f3venes y adultos. El Dise\u00f1o Curricular Jurisdiccional promueve el desarrollo de capacidades y estrategias que permitan intervenir pedag\u00f3gicamente en esa diversidad, brindando tambi\u00e9n bases para especializaciones futuras.<\/p>\n\n\n\n<p>Se espera que los egresados sean capaces de:<\/p>\n\n\n\n<ul>\n<li>Acompa\u00f1ar las trayectorias escolares, especialmente en los primeros grados.<\/li>\n\n\n\n<li>Dise\u00f1ar propuestas inclusivas que aseguren permanencia y calidad educativa.<\/li>\n\n\n\n<li>Participar en equipos de trabajo institucional e intersectorial.<\/li>\n\n\n\n<li>Dominar y actualizar los contenidos a ense\u00f1ar, considerando el contexto sociocultural.<\/li>\n\n\n\n<li>Fomentar aprendizajes activos, contextualizados y vinculados a m\u00faltiples lenguajes.<\/li>\n\n\n\n<li>Atender a la diversidad, identificando necesidades y dise\u00f1ando estrategias diferenciadas.<\/li>\n\n\n\n<li>Evaluar de manera continua, valorando el proceso y el esfuerzo de los alumnos.<\/li>\n\n\n\n<li>Fortalecer v\u00ednculos con las familias y la comunidad para sostener los aprendizajes.<\/li>\n<\/ul>\n\n\n\n<p>Se busca formar docentes reflexivos, comprometidos, con capacidad de trabajo colaborativo y adaptabilidad a distintos escenarios educativos.<\/p>\n\n\n\n<hr class=\"wp-block-separator has-alpha-channel-opacity\"\/>\n\n\n\n<h2 class=\"wp-block-heading has-text-align-center\"><a href=\"https:\/\/forms.gle\/nV8CT3fJS5z1EvLy6\">PREINSCRIBITE INGRESANDO AQU\u00cd<\/a><\/h2>\n\n\n\n<figure class=\"wp-block-image size-full\"><img decoding=\"async\" loading=\"lazy\" width=\"1131\" height=\"1600\" src=\"https:\/\/ifdcferraro-lrj.infd.edu.ar\/sitio\/wp-content\/uploads\/2025\/11\/WhatsApp-Image-2025-11-07-at-8.42.50-PM.jpeg\" alt=\"\" class=\"wp-image-3557\" srcset=\"https:\/\/ifdcferraro-lrj.infd.edu.ar\/sitio\/wp-content\/uploads\/2025\/11\/WhatsApp-Image-2025-11-07-at-8.42.50-PM.jpeg 1131w, https:\/\/ifdcferraro-lrj.infd.edu.ar\/sitio\/wp-content\/uploads\/2025\/11\/WhatsApp-Image-2025-11-07-at-8.42.50-PM-707x1000.jpeg 707w, https:\/\/ifdcferraro-lrj.infd.edu.ar\/sitio\/wp-content\/uploads\/2025\/11\/WhatsApp-Image-2025-11-07-at-8.42.50-PM-768x1086.jpeg 768w, https:\/\/ifdcferraro-lrj.infd.edu.ar\/sitio\/wp-content\/uploads\/2025\/11\/WhatsApp-Image-2025-11-07-at-8.42.50-PM-1086x1536.jpeg 1086w\" sizes=\"(max-width: 1131px) 100vw, 1131px\" \/><\/figure>\n\n\n\n<hr class=\"wp-block-separator has-alpha-channel-opacity\"\/>\n\n\n\n<h2 class=\"wp-block-heading has-accent-color has-text-color has-large-font-size\" style=\"text-transform:uppercase\"><strong>PLAN DE ESTUDIO<\/strong><\/h2>\n\n\n\n<figure class=\"wp-block-image size-full\"><img decoding=\"async\" loading=\"lazy\" width=\"1085\" height=\"1197\" src=\"https:\/\/ifdcferraro-lrj.infd.edu.ar\/sitio\/wp-content\/uploads\/2023\/11\/PLAN-DE-ESTUDIO.png\" alt=\"\" class=\"wp-image-1742\" srcset=\"https:\/\/ifdcferraro-lrj.infd.edu.ar\/sitio\/wp-content\/uploads\/2023\/11\/PLAN-DE-ESTUDIO.png 1085w, https:\/\/ifdcferraro-lrj.infd.edu.ar\/sitio\/wp-content\/uploads\/2023\/11\/PLAN-DE-ESTUDIO-906x1000.png 906w, https:\/\/ifdcferraro-lrj.infd.edu.ar\/sitio\/wp-content\/uploads\/2023\/11\/PLAN-DE-ESTUDIO-768x847.png 768w\" sizes=\"(max-width: 1085px) 100vw, 1085px\" \/><\/figure>\n","protected":false},"excerpt":{"rendered":"<p>PERFIL DEL EGRESADO La formaci\u00f3n docente inicial debe preparar a los futuros docentes para desempe\u00f1arse en diversos contextos de la educaci\u00f3n primaria, como \u00e1mbitos urbanos, rurales, domiciliarios, hospitalarios y en la educaci\u00f3n de j\u00f3venes y adultos. El Dise\u00f1o Curricular Jurisdiccional promueve el desarrollo de capacidades y estrategias que permitan intervenir pedag\u00f3gicamente en esa diversidad, brindando &#8230; <a title=\"INGRESO\" class=\"read-more\" href=\"https:\/\/ifdcferraro-lrj.infd.edu.ar\/sitio\/ingreso\/\" aria-label=\"More on INGRESO\">[+]<\/a><\/p>\n","protected":false},"author":82,"featured_media":0,"parent":0,"menu_order":0,"comment_status":"closed","ping_status":"closed","template":"","meta":[],"acf":[],"_links":{"self":[{"href":"https:\/\/ifdcferraro-lrj.infd.edu.ar\/sitio\/wp-json\/wp\/v2\/pages\/1211"}],"collection":[{"href":"https:\/\/ifdcferraro-lrj.infd.edu.ar\/sitio\/wp-json\/wp\/v2\/pages"}],"about":[{"href":"https:\/\/ifdcferraro-lrj.infd.edu.ar\/sitio\/wp-json\/wp\/v2\/types\/page"}],"author":[{"embeddable":true,"href":"https:\/\/ifdcferraro-lrj.infd.edu.ar\/sitio\/wp-json\/wp\/v2\/users\/82"}],"replies":[{"embeddable":true,"href":"https:\/\/ifdcferraro-lrj.infd.edu.ar\/sitio\/wp-json\/wp\/v2\/comments?post=1211"}],"version-history":[{"count":23,"href":"https:\/\/ifdcferraro-lrj.infd.edu.ar\/sitio\/wp-json\/wp\/v2\/pages\/1211\/revisions"}],"predecessor-version":[{"id":3559,"href":"https:\/\/ifdcferraro-lrj.infd.edu.ar\/sitio\/wp-json\/wp\/v2\/pages\/1211\/revisions\/3559"}],"wp:attachment":[{"href":"https:\/\/ifdcferraro-lrj.infd.edu.ar\/sitio\/wp-json\/wp\/v2\/media?parent=1211"}],"curies":[{"name":"wp","href":"https:\/\/api.w.org\/{rel}","templated":true}]}}