{"id":1293,"date":"2021-11-24T18:39:23","date_gmt":"2021-11-24T21:39:23","guid":{"rendered":"https:\/\/ifdcferraro-lrj.infd.edu.ar\/sitio\/?page_id=1293"},"modified":"2025-11-25T19:32:37","modified_gmt":"2025-11-25T22:32:37","slug":"segundo-ano-esquemas-de-coloquios","status":"publish","type":"page","link":"https:\/\/ifdcferraro-lrj.infd.edu.ar\/sitio\/segundo-ano-esquemas-de-coloquios\/","title":{"rendered":"Segundo A\u00f1o &#8211; Esquemas de Coloquios"},"content":{"rendered":"\n<h2 class=\"wp-block-heading has-luminous-vivid-amber-to-luminous-vivid-orange-gradient-background has-background has-medium-font-size\" style=\"text-transform:capitalize\">A\u00f1o 2021<\/h2>\n\n\n\n<div class=\"wp-block-file\"><a id=\"wp-block-file--media-75a9e5f6-4c0e-4b1f-bd73-6dd537d518fe\" href=\"https:\/\/ifdcferraro-lrj.infd.edu.ar\/sitio\/wp-content\/uploads\/2021\/11\/Coloquio-DIDACTICA-GRAL-2-ANO.-2021.pdf\">Coloquio-DIDACTICA-GRAL-2-ANO.-2021<\/a><a href=\"https:\/\/ifdcferraro-lrj.infd.edu.ar\/sitio\/wp-content\/uploads\/2021\/11\/Coloquio-DIDACTICA-GRAL-2-ANO.-2021.pdf\" class=\"wp-block-file__button wp-element-button\" download aria-describedby=\"wp-block-file--media-75a9e5f6-4c0e-4b1f-bd73-6dd537d518fe\">Descarga<\/a><\/div>\n\n\n\n<div class=\"wp-block-file\"><a id=\"wp-block-file--media-5e817f79-2114-4eb7-b2b8-0cd31783575b\" href=\"https:\/\/ifdcferraro-lrj.infd.edu.ar\/sitio\/wp-content\/uploads\/2021\/11\/Esquema-de-coloquio-didactca-de-las-Cs.soc_.-2021.pdf\">Esquema-de-coloquio-didactca-de-las-Cs.soc_.-2021<\/a><a href=\"https:\/\/ifdcferraro-lrj.infd.edu.ar\/sitio\/wp-content\/uploads\/2021\/11\/Esquema-de-coloquio-didactca-de-las-Cs.soc_.-2021.pdf\" class=\"wp-block-file__button wp-element-button\" download aria-describedby=\"wp-block-file--media-5e817f79-2114-4eb7-b2b8-0cd31783575b\">Descarga<\/a><\/div>\n\n\n\n<div class=\"wp-block-file\"><a id=\"wp-block-file--media-6718f0b6-0138-4d56-afd8-0912bc1c3cda\" href=\"https:\/\/ifdcferraro-lrj.infd.edu.ar\/sitio\/wp-content\/uploads\/2021\/11\/COLOQUIO-DE-DIDACTICA-DE-DE-MATEMATICA-I-Y-II.pdf\">COLOQUIO-DE-DIDACTICA-DE-DE-MATEMATICA-I-Y-II<\/a><a href=\"https:\/\/ifdcferraro-lrj.infd.edu.ar\/sitio\/wp-content\/uploads\/2021\/11\/COLOQUIO-DE-DIDACTICA-DE-DE-MATEMATICA-I-Y-II.pdf\" class=\"wp-block-file__button wp-element-button\" download aria-describedby=\"wp-block-file--media-6718f0b6-0138-4d56-afd8-0912bc1c3cda\">Descarga<\/a><\/div>\n\n\n\n<div class=\"wp-block-file\"><a id=\"wp-block-file--media-c58c74da-a75f-4e1e-8bca-3b2e66b606a4\" href=\"https:\/\/ifdcferraro-lrj.infd.edu.ar\/sitio\/wp-content\/uploads\/2021\/11\/Cierre-Practica-II.pdf\">Cierre-Practica-II<\/a><a href=\"https:\/\/ifdcferraro-lrj.infd.edu.ar\/sitio\/wp-content\/uploads\/2021\/11\/Cierre-Practica-II.pdf\" class=\"wp-block-file__button wp-element-button\" download aria-describedby=\"wp-block-file--media-c58c74da-a75f-4e1e-8bca-3b2e66b606a4\">Descarga<\/a><\/div>\n\n\n\n<div class=\"wp-block-file\"><a id=\"wp-block-file--media-d9c17ffa-4d1a-436b-b1da-ea1fcecd3bfb\" href=\"https:\/\/ifdcferraro-lrj.infd.edu.ar\/sitio\/wp-content\/uploads\/2021\/11\/coloquio-naturales-I-2021-1.pdf\">coloquio-naturales-I-2021-1<\/a><a href=\"https:\/\/ifdcferraro-lrj.infd.edu.ar\/sitio\/wp-content\/uploads\/2021\/11\/coloquio-naturales-I-2021-1.pdf\" class=\"wp-block-file__button wp-element-button\" download aria-describedby=\"wp-block-file--media-d9c17ffa-4d1a-436b-b1da-ea1fcecd3bfb\">Descarga<\/a><\/div>\n\n\n\n<div class=\"wp-block-file\"><a id=\"wp-block-file--media-2267d93d-f8dc-428f-9064-724efb4605cf\" href=\"https:\/\/ifdcferraro-lrj.infd.edu.ar\/sitio\/wp-content\/uploads\/2021\/11\/ESQUEMA-DE-COLOQUIO-DE-MATEMATICA-2\u00b0-ANO.pdf\">ESQUEMA-DE-COLOQUIO-DE-MATEMATICA-2\u00b0-ANO<\/a><a href=\"https:\/\/ifdcferraro-lrj.infd.edu.ar\/sitio\/wp-content\/uploads\/2021\/11\/ESQUEMA-DE-COLOQUIO-DE-MATEMATICA-2\u00b0-ANO.pdf\" class=\"wp-block-file__button wp-element-button\" download aria-describedby=\"wp-block-file--media-2267d93d-f8dc-428f-9064-724efb4605cf\">Descarga<\/a><\/div>\n\n\n\n<div class=\"wp-block-file\"><a id=\"wp-block-file--media-e2700827-a13b-4697-9068-d7f9876b4149\" href=\"https:\/\/ifdcferraro-lrj.infd.edu.ar\/sitio\/wp-content\/uploads\/2021\/11\/Esquema-de-coloquio-didactca-de-las-Cs.soc_.-2021-1.pdf\">Esquema-de-coloquio-didactca-de-las-Cs.soc_.-2021-1<\/a><a href=\"https:\/\/ifdcferraro-lrj.infd.edu.ar\/sitio\/wp-content\/uploads\/2021\/11\/Esquema-de-coloquio-didactca-de-las-Cs.soc_.-2021-1.pdf\" class=\"wp-block-file__button wp-element-button\" download aria-describedby=\"wp-block-file--media-e2700827-a13b-4697-9068-d7f9876b4149\">Descarga<\/a><\/div>\n\n\n\n<div class=\"wp-block-file\"><a id=\"wp-block-file--media-1d0b4a55-4fbb-4a90-bac0-ea6b893067e9\" href=\"https:\/\/ifdcferraro-lrj.infd.edu.ar\/sitio\/wp-content\/uploads\/2021\/11\/Esquema-de-coloquio-didactca-de-la-LENGUA-2021.pdf\">2021 DIDACTICA DE LA LENGUA Y LITERATURA I Esquema-de-coloquio<\/a><a href=\"https:\/\/ifdcferraro-lrj.infd.edu.ar\/sitio\/wp-content\/uploads\/2021\/11\/Esquema-de-coloquio-didactca-de-la-LENGUA-2021.pdf\" class=\"wp-block-file__button wp-element-button\" download aria-describedby=\"wp-block-file--media-1d0b4a55-4fbb-4a90-bac0-ea6b893067e9\">Descarga<\/a><\/div>\n\n\n\n<h2 class=\"wp-block-heading has-luminous-vivid-amber-to-luminous-vivid-orange-gradient-background has-background has-medium-font-size\">A\u00f1o 2022<\/h2>\n\n\n\n<div class=\"wp-block-file\"><a id=\"wp-block-file--media-68f0fd5e-0f33-444d-804b-3c8d18463f58\" href=\"https:\/\/ifdcferraro-lrj.infd.edu.ar\/sitio\/wp-content\/uploads\/2022\/11\/didactica-coloquio-2022.pdf\">2022 DIDACTICA GENERAL Esquema de Coloquio<\/a><a href=\"https:\/\/ifdcferraro-lrj.infd.edu.ar\/sitio\/wp-content\/uploads\/2022\/11\/didactica-coloquio-2022.pdf\" class=\"wp-block-file__button wp-element-button\" download aria-describedby=\"wp-block-file--media-68f0fd5e-0f33-444d-804b-3c8d18463f58\">Descarga<\/a><\/div>\n\n\n\n<h2 class=\"wp-block-heading has-luminous-vivid-amber-to-luminous-vivid-orange-gradient-background has-background has-medium-font-size\">A\u00f1o 2023<\/h2>\n\n\n\n<div class=\"wp-block-file\"><a id=\"wp-block-file--media-b7758070-4df5-4e08-beff-76ccfc46e7ec\" href=\"https:\/\/ifdcferraro-lrj.infd.edu.ar\/sitio\/wp-content\/uploads\/2023\/11\/Esquema-de-Cierre.-Practica-I.2023-1.pdf\">2023 PRACTICA I Esquema-de-Cierre<\/a><a href=\"https:\/\/ifdcferraro-lrj.infd.edu.ar\/sitio\/wp-content\/uploads\/2023\/11\/Esquema-de-Cierre.-Practica-I.2023-1.pdf\" class=\"wp-block-file__button wp-element-button\" download aria-describedby=\"wp-block-file--media-b7758070-4df5-4e08-beff-76ccfc46e7ec\">Descarga<\/a><\/div>\n\n\n\n<div class=\"wp-block-file\"><a id=\"wp-block-file--media-f8f28a95-04ae-4b1b-9118-ca7adf772741\" href=\"https:\/\/ifdcferraro-lrj.infd.edu.ar\/sitio\/wp-content\/uploads\/2023\/11\/Esquema-Coloquio-de-Geografia2023-1.pdf\">2023 GEOGRAFIA Esquema-Coloquio<\/a><a href=\"https:\/\/ifdcferraro-lrj.infd.edu.ar\/sitio\/wp-content\/uploads\/2023\/11\/Esquema-Coloquio-de-Geografia2023-1.pdf\" class=\"wp-block-file__button wp-element-button\" download aria-describedby=\"wp-block-file--media-f8f28a95-04ae-4b1b-9118-ca7adf772741\">Descarga<\/a><\/div>\n\n\n\n<div class=\"wp-block-file\"><a id=\"wp-block-file--media-730da5ba-02c8-41fc-aee4-268163373a8d\" href=\"https:\/\/ifdcferraro-lrj.infd.edu.ar\/sitio\/wp-content\/uploads\/2023\/11\/COLOQUIO-Psicologia-Ed-y-Sujeto-2\u00b0.2023.pdf\">2023 PSICOLOG\u00cdA EDUCACIONAL SUJETO DE LA EDUCACI\u00d3N PRIMARIA Coloquio<\/a><a href=\"https:\/\/ifdcferraro-lrj.infd.edu.ar\/sitio\/wp-content\/uploads\/2023\/11\/COLOQUIO-Psicologia-Ed-y-Sujeto-2\u00b0.2023.pdf\" class=\"wp-block-file__button wp-element-button\" download aria-describedby=\"wp-block-file--media-730da5ba-02c8-41fc-aee4-268163373a8d\">Descarga<\/a><\/div>\n\n\n\n<div class=\"wp-block-file\"><a id=\"wp-block-file--media-b0b54c66-f352-4721-8bbb-c76837577298\" href=\"https:\/\/ifdcferraro-lrj.infd.edu.ar\/sitio\/wp-content\/uploads\/2023\/11\/COLOQUIO-Pedagogia-2\u00b0-Cuatri-2023-.pdf\">2023 PEDAGOGIA Esquema de Coloquio <\/a><a href=\"https:\/\/ifdcferraro-lrj.infd.edu.ar\/sitio\/wp-content\/uploads\/2023\/11\/COLOQUIO-Pedagogia-2\u00b0-Cuatri-2023-.pdf\" class=\"wp-block-file__button wp-element-button\" download aria-describedby=\"wp-block-file--media-b0b54c66-f352-4721-8bbb-c76837577298\">Descarga<\/a><\/div>\n\n\n\n<div class=\"wp-block-file\"><a id=\"wp-block-file--media-85326586-8bd4-4894-b9e6-314d74dc44cb\" href=\"https:\/\/ifdcferraro-lrj.infd.edu.ar\/sitio\/wp-content\/uploads\/2023\/11\/coloquio-didactica-de-las-Cs.soc_.I-2023.pdf\">2023 DIDACTICA DE LAS CIENCIAS SOCIALES Esquema de Coloquio<\/a><a href=\"https:\/\/ifdcferraro-lrj.infd.edu.ar\/sitio\/wp-content\/uploads\/2023\/11\/coloquio-didactica-de-las-Cs.soc_.I-2023.pdf\" class=\"wp-block-file__button wp-element-button\" download aria-describedby=\"wp-block-file--media-85326586-8bd4-4894-b9e6-314d74dc44cb\">Descarga<\/a><\/div>\n\n\n\n<div class=\"wp-block-file\"><a id=\"wp-block-file--media-5cbeb5cb-fbb1-49b2-b673-e2449f8ac27d\" href=\"https:\/\/ifdcferraro-lrj.infd.edu.ar\/sitio\/wp-content\/uploads\/2023\/11\/COLOQUIO-de-Sujeto-2\u00b0.2023.pdf\">2023 SUJETO DE LA EDUCACI\u00d3N PRIMARIA Esquema de Coloquio<\/a><a href=\"https:\/\/ifdcferraro-lrj.infd.edu.ar\/sitio\/wp-content\/uploads\/2023\/11\/COLOQUIO-de-Sujeto-2\u00b0.2023.pdf\" class=\"wp-block-file__button wp-element-button\" download aria-describedby=\"wp-block-file--media-5cbeb5cb-fbb1-49b2-b673-e2449f8ac27d\">Descarga<\/a><\/div>\n\n\n\n<div class=\"wp-block-file\"><a id=\"wp-block-file--media-788aac78-43cb-4806-9396-2937fd06f500\" href=\"https:\/\/ifdcferraro-lrj.infd.edu.ar\/sitio\/wp-content\/uploads\/2023\/10\/2023-ESQUEMA-COLOQUIO-PROBLEMATICA-DE-LA-EDUCACION-PRIMARIA.pdf\" target=\"_blank\" rel=\"noreferrer noopener\">2023-PROBLEMATICA-DE-LA-EDUCACION-PRIMARIA <a href=\"https:\/\/ifdcferraro-lrj.infd.edu.ar\/sitio\/wp-content\/uploads\/2023\/10\/2023-ESQUEMA-COLOQUIO-PROBLEMATICA-DE-LA-EDUCACION-PRIMARIA.pdf\">ESQUEMA-COLOQUIO<\/a><\/a><a href=\"https:\/\/ifdcferraro-lrj.infd.edu.ar\/sitio\/wp-content\/uploads\/2023\/10\/2023-ESQUEMA-COLOQUIO-PROBLEMATICA-DE-LA-EDUCACION-PRIMARIA.pdf\" class=\"wp-block-file__button wp-element-button\" download aria-describedby=\"wp-block-file--media-788aac78-43cb-4806-9396-2937fd06f500\">Descarga<\/a><\/div>\n\n\n\n<div class=\"wp-block-file\"><a id=\"wp-block-file--media-35796a80-d27d-4ba1-b7a7-7800cf058ae2\" href=\"https:\/\/ifdcferraro-lrj.infd.edu.ar\/sitio\/wp-content\/uploads\/2023\/11\/2023-COLOQUIO-2o-ano-DIDACTICA-MATEMATICA-I.pdf\">2023-DIDACTICA-MATEMATICA-I Esquema de <a href=\"https:\/\/ifdcferraro-lrj.infd.edu.ar\/sitio\/wp-content\/uploads\/2023\/11\/2023-COLOQUIO-2o-ano-DIDACTICA-MATEMATICA-I.pdf\">Coloquio<\/a><\/a><a href=\"https:\/\/ifdcferraro-lrj.infd.edu.ar\/sitio\/wp-content\/uploads\/2023\/11\/2023-COLOQUIO-2o-ano-DIDACTICA-MATEMATICA-I.pdf\" class=\"wp-block-file__button wp-element-button\" download aria-describedby=\"wp-block-file--media-35796a80-d27d-4ba1-b7a7-7800cf058ae2\">Descarga<\/a><\/div>\n\n\n\n<div class=\"wp-block-file\"><a id=\"wp-block-file--media-20c3b016-ccfa-4a0f-884e-73026a12d639\" href=\"https:\/\/ifdcferraro-lrj.infd.edu.ar\/sitio\/wp-content\/uploads\/2023\/11\/COLOQUIO-de-Didactica-Lengua.-I.2023.pdf\">2023 DIDACTICA DE LA LENGUA Y LITERATURA I Esquema de Coloquio<\/a><a href=\"https:\/\/ifdcferraro-lrj.infd.edu.ar\/sitio\/wp-content\/uploads\/2023\/11\/COLOQUIO-de-Didactica-Lengua.-I.2023.pdf\" class=\"wp-block-file__button wp-element-button\" download aria-describedby=\"wp-block-file--media-20c3b016-ccfa-4a0f-884e-73026a12d639\">Descarga<\/a><\/div>\n\n\n\n<h2 class=\"wp-block-heading has-luminous-vivid-amber-to-luminous-vivid-orange-gradient-background has-background has-medium-font-size\">A\u00f1o 2024<\/h2>\n\n\n\n<div class=\"wp-block-file\"><a id=\"wp-block-file--media-3ba71a26-3c57-4c2b-802f-279c68cd4bd4\" href=\"https:\/\/ifdcferraro-lrj.infd.edu.ar\/sitio\/wp-content\/uploads\/2024\/12\/2024-Sujeto-de-la-Educacion-Primaria.-Coloquio.pdf\">2024-SUJETO  DE LA EDUCACION PRIMARIA <\/a><a href=\"https:\/\/ifdcferraro-lrj.infd.edu.ar\/sitio\/wp-content\/uploads\/2024\/12\/2024-Sujeto-de-la-Educacion-Primaria.-Coloquio.pdf\" class=\"wp-block-file__button wp-element-button\" download aria-describedby=\"wp-block-file--media-3ba71a26-3c57-4c2b-802f-279c68cd4bd4\">Descarga<\/a><\/div>\n\n\n\n<div class=\"wp-block-file\"><a id=\"wp-block-file--media-05a44fe0-974e-48b7-a966-94ebcdbd1d32\" href=\"https:\/\/ifdcferraro-lrj.infd.edu.ar\/sitio\/wp-content\/uploads\/2024\/11\/coloquio-Did.-Cs.Soc_.I2024.pdf\">2024-DIDACTICA DE LAS CIENCIAS SOCIALES I<\/a><a href=\"https:\/\/ifdcferraro-lrj.infd.edu.ar\/sitio\/wp-content\/uploads\/2024\/11\/coloquio-Did.-Cs.Soc_.I2024.pdf\" class=\"wp-block-file__button wp-element-button\" download aria-describedby=\"wp-block-file--media-05a44fe0-974e-48b7-a966-94ebcdbd1d32\">Descarga<\/a><\/div>\n\n\n\n<div class=\"wp-block-file\"><a id=\"wp-block-file--media-ce62c6e0-6952-4248-9cb9-aa9ad2d672b8\" href=\"https:\/\/ifdcferraro-lrj.infd.edu.ar\/sitio\/wp-content\/uploads\/2024\/11\/2024-TIC-ESQUEMA-DE-COLOQUIO.pdf\">2024 TECNOLOGIA DE LA INFORMACION Y COMUNICACION <\/a><a href=\"https:\/\/ifdcferraro-lrj.infd.edu.ar\/sitio\/wp-content\/uploads\/2024\/11\/2024-TIC-ESQUEMA-DE-COLOQUIO.pdf\" class=\"wp-block-file__button wp-element-button\" download aria-describedby=\"wp-block-file--media-ce62c6e0-6952-4248-9cb9-aa9ad2d672b8\">Descarga<\/a><\/div>\n\n\n\n<div class=\"wp-block-file\"><a id=\"wp-block-file--media-81726f78-8e1e-42b2-98ed-daff10b3fd6a\" href=\"https:\/\/ifdcferraro-lrj.infd.edu.ar\/sitio\/wp-content\/uploads\/2024\/07\/2024-PROBLEMATICA-DE-LA-EDUCACION-CONTEMPORANEA-Esquema-Coloquio.pdf\">2024-PROBLEMATICA-DE-LA-EDUCACION-CONTEMPORANEA <\/a><a href=\"https:\/\/ifdcferraro-lrj.infd.edu.ar\/sitio\/wp-content\/uploads\/2024\/07\/2024-PROBLEMATICA-DE-LA-EDUCACION-CONTEMPORANEA-Esquema-Coloquio.pdf\" class=\"wp-block-file__button wp-element-button\" download aria-describedby=\"wp-block-file--media-81726f78-8e1e-42b2-98ed-daff10b3fd6a\">Descarga<\/a><\/div>\n\n\n\n<div class=\"wp-block-file\"><a id=\"wp-block-file--media-7690525d-f92c-4708-83a6-5a16ede9a06f\" href=\"https:\/\/ifdcferraro-lrj.infd.edu.ar\/sitio\/wp-content\/uploads\/2024\/11\/2024-DIDACTICA-GENERAL-ESQUEMA-DE-COLOQUIO.pdf\">2024-DIDACTICA-GENERAL <\/a><a href=\"https:\/\/ifdcferraro-lrj.infd.edu.ar\/sitio\/wp-content\/uploads\/2024\/11\/2024-DIDACTICA-GENERAL-ESQUEMA-DE-COLOQUIO.pdf\" class=\"wp-block-file__button wp-element-button\" download aria-describedby=\"wp-block-file--media-7690525d-f92c-4708-83a6-5a16ede9a06f\">Descarga<\/a><\/div>\n\n\n\n<div class=\"wp-block-file\"><a id=\"wp-block-file--media-bea3b7ab-379e-4d73-b008-9985ab1f5b68\" href=\"https:\/\/ifdcferraro-lrj.infd.edu.ar\/sitio\/wp-content\/uploads\/2024\/11\/coloquio-de-didac-lengua-2-ano-2024.pdf\">2024  DIDACTICA DE  LENGUA Y LITERATURA I<\/a><a href=\"https:\/\/ifdcferraro-lrj.infd.edu.ar\/sitio\/wp-content\/uploads\/2024\/11\/coloquio-de-didac-lengua-2-ano-2024.pdf\" class=\"wp-block-file__button wp-element-button\" download aria-describedby=\"wp-block-file--media-bea3b7ab-379e-4d73-b008-9985ab1f5b68\">Descarga<\/a><\/div>\n\n\n\n<div class=\"wp-block-file\"><a id=\"wp-block-file--media-1f4252cd-b80e-49aa-877b-ecf074dae093\" href=\"https:\/\/ifdcferraro-lrj.infd.edu.ar\/sitio\/wp-content\/uploads\/2024\/11\/CS-NS-I-COLOQUIO-20241.pdf\">2024 DIDACTICA DE CIENCIAS NATURALES I<\/a><a href=\"https:\/\/ifdcferraro-lrj.infd.edu.ar\/sitio\/wp-content\/uploads\/2024\/11\/CS-NS-I-COLOQUIO-20241.pdf\" class=\"wp-block-file__button wp-element-button\" download aria-describedby=\"wp-block-file--media-1f4252cd-b80e-49aa-877b-ecf074dae093\">Descarga<\/a><\/div>\n\n\n\n<div class=\"wp-block-file\"><a id=\"wp-block-file--media-c1b72f23-72fa-4f1b-a932-c7b281067eb4\" href=\"https:\/\/ifdcferraro-lrj.infd.edu.ar\/sitio\/wp-content\/uploads\/2024\/12\/2024-Psicologia-Educacional.-Coloquio.pdf\">2024-PSICOLOGIA  EDUCACIONAL<\/a><a href=\"https:\/\/ifdcferraro-lrj.infd.edu.ar\/sitio\/wp-content\/uploads\/2024\/12\/2024-Psicologia-Educacional.-Coloquio.pdf\" class=\"wp-block-file__button wp-element-button\" download aria-describedby=\"wp-block-file--media-c1b72f23-72fa-4f1b-a932-c7b281067eb4\">Descarga<\/a><\/div>\n\n\n\n<h2 class=\"wp-block-heading has-luminous-vivid-amber-to-luminous-vivid-orange-gradient-background has-background has-medium-font-size\">A\u00f1o 2025<\/h2>\n\n\n\n<div class=\"wp-block-file\"><a id=\"wp-block-file--media-81cc9d47-7c21-4412-9751-02a789ff3ada\" href=\"https:\/\/ifdcferraro-lrj.infd.edu.ar\/sitio\/wp-content\/uploads\/2025\/07\/2025-problematica-Esquema-de-Coloquio.pdf\">2025-problematica-Esquema-de-Coloquio<\/a><a href=\"https:\/\/ifdcferraro-lrj.infd.edu.ar\/sitio\/wp-content\/uploads\/2025\/07\/2025-problematica-Esquema-de-Coloquio.pdf\" class=\"wp-block-file__button wp-element-button\" download aria-describedby=\"wp-block-file--media-81cc9d47-7c21-4412-9751-02a789ff3ada\">Descarga<\/a><\/div>\n\n\n\n<div class=\"wp-block-file\"><a id=\"wp-block-file--media-2301c773-133f-4f62-965e-d4fa5581166a\" href=\"https:\/\/ifdcferraro-lrj.infd.edu.ar\/sitio\/wp-content\/uploads\/2025\/11\/2025-Coloquio-TIC-.pdf\">2025-Coloquio-TIC-<\/a><a href=\"https:\/\/ifdcferraro-lrj.infd.edu.ar\/sitio\/wp-content\/uploads\/2025\/11\/2025-Coloquio-TIC-.pdf\" class=\"wp-block-file__button wp-element-button\" download aria-describedby=\"wp-block-file--media-2301c773-133f-4f62-965e-d4fa5581166a\">Descarga<\/a><\/div>\n\n\n\n<div class=\"wp-block-file\"><a id=\"wp-block-file--media-1e127a99-352c-428e-afc5-9c6e80edf147\" href=\"https:\/\/ifdcferraro-lrj.infd.edu.ar\/sitio\/wp-content\/uploads\/2025\/11\/2025-Didactica-General-Coloquio.pdf\">2025-Didactica-General-Coloquio<\/a><a href=\"https:\/\/ifdcferraro-lrj.infd.edu.ar\/sitio\/wp-content\/uploads\/2025\/11\/2025-Didactica-General-Coloquio.pdf\" class=\"wp-block-file__button wp-element-button\" download aria-describedby=\"wp-block-file--media-1e127a99-352c-428e-afc5-9c6e80edf147\">Descarga<\/a><\/div>\n\n\n\n<div class=\"wp-block-file\"><a id=\"wp-block-file--media-1f1433eb-09c4-4fbf-a58c-dd9b6fb803b1\" href=\"https:\/\/ifdcferraro-lrj.infd.edu.ar\/sitio\/wp-content\/uploads\/2025\/11\/coloquio-de-didac-lengua-2-ano-2025.pdf\">coloquio-de-didac-lengua-2-ano-2025<\/a><a href=\"https:\/\/ifdcferraro-lrj.infd.edu.ar\/sitio\/wp-content\/uploads\/2025\/11\/coloquio-de-didac-lengua-2-ano-2025.pdf\" class=\"wp-block-file__button wp-element-button\" download aria-describedby=\"wp-block-file--media-1f1433eb-09c4-4fbf-a58c-dd9b6fb803b1\">Descarga<\/a><\/div>\n\n\n\n<div class=\"wp-block-file\"><a id=\"wp-block-file--media-6bbba8f9-6c34-4aa7-9116-59d288fbbce7\" href=\"https:\/\/ifdcferraro-lrj.infd.edu.ar\/sitio\/wp-content\/uploads\/2025\/11\/ESQUEMA-DE-COLOQUIO-2025-CS-NS-I.pdf\">ESQUEMA-DE-COLOQUIO-2025-CS-NS-I<\/a><a href=\"https:\/\/ifdcferraro-lrj.infd.edu.ar\/sitio\/wp-content\/uploads\/2025\/11\/ESQUEMA-DE-COLOQUIO-2025-CS-NS-I.pdf\" class=\"wp-block-file__button wp-element-button\" download aria-describedby=\"wp-block-file--media-6bbba8f9-6c34-4aa7-9116-59d288fbbce7\">Descarga<\/a><\/div>\n\n\n\n<div class=\"wp-block-file\"><a id=\"wp-block-file--media-3b4837dc-2f1a-48c9-95f4-864f834f7127\" href=\"https:\/\/ifdcferraro-lrj.infd.edu.ar\/sitio\/wp-content\/uploads\/2025\/11\/2025-Psicologia-Ed.-Coloquio.pdf\">2025-Psicologia-Ed.-Coloquio<\/a><a href=\"https:\/\/ifdcferraro-lrj.infd.edu.ar\/sitio\/wp-content\/uploads\/2025\/11\/2025-Psicologia-Ed.-Coloquio.pdf\" class=\"wp-block-file__button wp-element-button\" download aria-describedby=\"wp-block-file--media-3b4837dc-2f1a-48c9-95f4-864f834f7127\">Descarga<\/a><\/div>\n\n\n\n<div class=\"wp-block-file\"><a id=\"wp-block-file--media-6830b29b-4825-4928-a65b-76a5a8b75640\" href=\"https:\/\/ifdcferraro-lrj.infd.edu.ar\/sitio\/wp-content\/uploads\/2025\/11\/Sujeto-de-la-Ed.pdf\">Sujeto-de-la-Ed<\/a><a href=\"https:\/\/ifdcferraro-lrj.infd.edu.ar\/sitio\/wp-content\/uploads\/2025\/11\/Sujeto-de-la-Ed.pdf\" class=\"wp-block-file__button wp-element-button\" download aria-describedby=\"wp-block-file--media-6830b29b-4825-4928-a65b-76a5a8b75640\">Descarga<\/a><\/div>\n\n\n\n<div class=\"wp-block-file\"><a id=\"wp-block-file--media-ecf0e9b0-4628-40f7-b64e-3bc726d892af\" href=\"https:\/\/ifdcferraro-lrj.infd.edu.ar\/sitio\/wp-content\/uploads\/2025\/11\/coloquio-didactica-de-las-Cs.soc_.I-2025.pdf\">coloquio-didactica-de-las-Cs.soc_.I-2025<\/a><a href=\"https:\/\/ifdcferraro-lrj.infd.edu.ar\/sitio\/wp-content\/uploads\/2025\/11\/coloquio-didactica-de-las-Cs.soc_.I-2025.pdf\" class=\"wp-block-file__button wp-element-button\" download aria-describedby=\"wp-block-file--media-ecf0e9b0-4628-40f7-b64e-3bc726d892af\">Descarga<\/a><\/div>\n","protected":false},"excerpt":{"rendered":"<p>A\u00f1o 2021 A\u00f1o 2022 A\u00f1o 2023 A\u00f1o 2024 A\u00f1o 2025<\/p>\n","protected":false},"author":82,"featured_media":0,"parent":0,"menu_order":0,"comment_status":"closed","ping_status":"closed","template":"","meta":[],"acf":[],"_links":{"self":[{"href":"https:\/\/ifdcferraro-lrj.infd.edu.ar\/sitio\/wp-json\/wp\/v2\/pages\/1293"}],"collection":[{"href":"https:\/\/ifdcferraro-lrj.infd.edu.ar\/sitio\/wp-json\/wp\/v2\/pages"}],"about":[{"href":"https:\/\/ifdcferraro-lrj.infd.edu.ar\/sitio\/wp-json\/wp\/v2\/types\/page"}],"author":[{"embeddable":true,"href":"https:\/\/ifdcferraro-lrj.infd.edu.ar\/sitio\/wp-json\/wp\/v2\/users\/82"}],"replies":[{"embeddable":true,"href":"https:\/\/ifdcferraro-lrj.infd.edu.ar\/sitio\/wp-json\/wp\/v2\/comments?post=1293"}],"version-history":[{"count":46,"href":"https:\/\/ifdcferraro-lrj.infd.edu.ar\/sitio\/wp-json\/wp\/v2\/pages\/1293\/revisions"}],"predecessor-version":[{"id":3609,"href":"https:\/\/ifdcferraro-lrj.infd.edu.ar\/sitio\/wp-json\/wp\/v2\/pages\/1293\/revisions\/3609"}],"wp:attachment":[{"href":"https:\/\/ifdcferraro-lrj.infd.edu.ar\/sitio\/wp-json\/wp\/v2\/media?parent=1293"}],"curies":[{"name":"wp","href":"https:\/\/api.w.org\/{rel}","templated":true}]}}