{"id":737,"date":"2018-07-03T12:47:26","date_gmt":"2018-07-03T15:47:26","guid":{"rendered":"https:\/\/ifdcferraro-lrj.infd.edu.ar\/sitio\/nuestra-comunidad\/"},"modified":"2025-05-30T18:00:42","modified_gmt":"2025-05-30T21:00:42","slug":"nuestra-comunidad","status":"publish","type":"page","link":"https:\/\/ifdcferraro-lrj.infd.edu.ar\/sitio\/nuestra-comunidad\/","title":{"rendered":"Rese\u00f1a Hist\u00f3rica"},"content":{"rendered":"\n<p><em>El Instituto Superior de Formaci\u00f3n Docente \u201cARIEL FERRARO\u201d fue fundado el 18 de agosto de 1986 en Ulapes, La Rioja. Inicialmente dirigido por la Lic. Mar\u00eda Liliana Cabral de Falc\u00f3n, comenz\u00f3 con una matr\u00edcula de 23 alumnos. A lo largo de los a\u00f1os, el instituto ampli\u00f3 su oferta educativa y funciones, participando en numerosos proyectos y programas de mejora institucional. En 1997 se reconvirti\u00f3 en IFDC, ofreciendo un profesorado para el 1\u00b0 y 2\u00b0 ciclo de la EGB. En 2001, se establecieron equipos de gesti\u00f3n mediante elecciones directas.<\/em><\/p>\n\n\n\n<p><em>Desde 2006, el instituto ha recibido varios reconocimientos, incluyendo una menci\u00f3n especial en los \u00abPremios Presidenciales de Pr\u00e1cticas Solidarias en Nivel Superior\u00bb. En 2007, se renombr\u00f3 como ISFD y se incorpor\u00f3 al INFOD. La instituci\u00f3n continu\u00f3 participando en programas nacionales y provinciales de capacitaci\u00f3n y mejora, adem\u00e1s de ampliar sus recursos bibliogr\u00e1ficos y tecnol\u00f3gicos.<\/em><\/p>\n\n\n\n<p><em>En 2011, se traslad\u00f3 a un nuevo edificio, compartiendo espacio con una escuela primaria. Actualmente, el instituto sigue participando activamente en programas de capacitaci\u00f3n y mejora, y planea continuar con proyectos integrados de alfabetizaci\u00f3n y ense\u00f1anza inclusiva en 2025.<\/em><\/p>\n\n\n\n<figure class=\"wp-block-image size-large\"><img decoding=\"async\" loading=\"lazy\" width=\"1900\" height=\"1069\" src=\"https:\/\/ifdcferraro-lrj.infd.edu.ar\/sitio\/wp-content\/uploads\/2024\/08\/Collage-de-fotos-varias-isfd-1900x1069.png\" alt=\"\" class=\"wp-image-2279\" srcset=\"https:\/\/ifdcferraro-lrj.infd.edu.ar\/sitio\/wp-content\/uploads\/2024\/08\/Collage-de-fotos-varias-isfd-1900x1069.png 1900w, https:\/\/ifdcferraro-lrj.infd.edu.ar\/sitio\/wp-content\/uploads\/2024\/08\/Collage-de-fotos-varias-isfd-1000x563.png 1000w, https:\/\/ifdcferraro-lrj.infd.edu.ar\/sitio\/wp-content\/uploads\/2024\/08\/Collage-de-fotos-varias-isfd-768x432.png 768w, https:\/\/ifdcferraro-lrj.infd.edu.ar\/sitio\/wp-content\/uploads\/2024\/08\/Collage-de-fotos-varias-isfd-1536x864.png 1536w, https:\/\/ifdcferraro-lrj.infd.edu.ar\/sitio\/wp-content\/uploads\/2024\/08\/Collage-de-fotos-varias-isfd.png 1920w\" sizes=\"(max-width: 1900px) 100vw, 1900px\" \/><\/figure>\n\n\n\n<p><\/p>\n","protected":false},"excerpt":{"rendered":"<p>El Instituto Superior de Formaci\u00f3n Docente \u201cARIEL FERRARO\u201d fue fundado el 18 de agosto de 1986 en Ulapes, La Rioja. Inicialmente dirigido por la Lic. Mar\u00eda Liliana Cabral de Falc\u00f3n, comenz\u00f3 con una matr\u00edcula de 23 alumnos. A lo largo de los a\u00f1os, el instituto ampli\u00f3 su oferta educativa y funciones, participando en numerosos proyectos &#8230; <a title=\"Rese\u00f1a Hist\u00f3rica\" class=\"read-more\" href=\"https:\/\/ifdcferraro-lrj.infd.edu.ar\/sitio\/nuestra-comunidad\/\" aria-label=\"More on Rese\u00f1a Hist\u00f3rica\">[+]<\/a><\/p>\n","protected":false},"author":82,"featured_media":0,"parent":0,"menu_order":0,"comment_status":"closed","ping_status":"closed","template":"","meta":[],"acf":[],"_links":{"self":[{"href":"https:\/\/ifdcferraro-lrj.infd.edu.ar\/sitio\/wp-json\/wp\/v2\/pages\/737"}],"collection":[{"href":"https:\/\/ifdcferraro-lrj.infd.edu.ar\/sitio\/wp-json\/wp\/v2\/pages"}],"about":[{"href":"https:\/\/ifdcferraro-lrj.infd.edu.ar\/sitio\/wp-json\/wp\/v2\/types\/page"}],"author":[{"embeddable":true,"href":"https:\/\/ifdcferraro-lrj.infd.edu.ar\/sitio\/wp-json\/wp\/v2\/users\/82"}],"replies":[{"embeddable":true,"href":"https:\/\/ifdcferraro-lrj.infd.edu.ar\/sitio\/wp-json\/wp\/v2\/comments?post=737"}],"version-history":[{"count":3,"href":"https:\/\/ifdcferraro-lrj.infd.edu.ar\/sitio\/wp-json\/wp\/v2\/pages\/737\/revisions"}],"predecessor-version":[{"id":2935,"href":"https:\/\/ifdcferraro-lrj.infd.edu.ar\/sitio\/wp-json\/wp\/v2\/pages\/737\/revisions\/2935"}],"wp:attachment":[{"href":"https:\/\/ifdcferraro-lrj.infd.edu.ar\/sitio\/wp-json\/wp\/v2\/media?parent=737"}],"curies":[{"name":"wp","href":"https:\/\/api.w.org\/{rel}","templated":true}]}}