{"id":748,"date":"2018-07-10T12:50:30","date_gmt":"2018-07-10T15:50:30","guid":{"rendered":"https:\/\/ifdcferraro-lrj.infd.edu.ar\/sitio\/?page_id=748"},"modified":"2025-11-25T19:37:13","modified_gmt":"2025-11-25T22:37:13","slug":"primer-ano-esquemas-de-final","status":"publish","type":"page","link":"https:\/\/ifdcferraro-lrj.infd.edu.ar\/sitio\/primer-ano-esquemas-de-final\/","title":{"rendered":"Primer A\u00f1o &#8211; Esquemas de Final"},"content":{"rendered":"\n<h2 class=\"wp-block-heading has-luminous-vivid-amber-to-luminous-vivid-orange-gradient-background has-background has-medium-font-size\">A\u00f1o 2021<\/h2>\n\n\n\n<div class=\"wp-block-file\"><a id=\"wp-block-file--media-f2af9fef-876c-4d40-a5bd-a6fbb13aca47\" href=\"https:\/\/ifdcferraro-lrj.infd.edu.ar\/sitio\/wp-content\/uploads\/2024\/02\/2021-ESQUEMA-FINAL-PEDAGOGIA-1-ANO.pdf\">2021-ESQUEMA-FINAL-PEDAGOGIA-1-ANO<\/a><a href=\"https:\/\/ifdcferraro-lrj.infd.edu.ar\/sitio\/wp-content\/uploads\/2024\/02\/2021-ESQUEMA-FINAL-PEDAGOGIA-1-ANO.pdf\" class=\"wp-block-file__button wp-element-button\" download aria-describedby=\"wp-block-file--media-f2af9fef-876c-4d40-a5bd-a6fbb13aca47\">Descarga<\/a><\/div>\n\n\n\n<div class=\"wp-block-file\"><a id=\"wp-block-file--media-febf815d-20ee-45fd-ad2e-60b5e326511e\" href=\"https:\/\/ifdcferraro-lrj.infd.edu.ar\/sitio\/wp-content\/uploads\/2021\/11\/FINAL-CS-NS-2021-ISFD-ARIEL-FERRARO.pdf\">FINAL-CS-NS-2021-ISFD-ARIEL-FERRARO<\/a><a href=\"https:\/\/ifdcferraro-lrj.infd.edu.ar\/sitio\/wp-content\/uploads\/2021\/11\/FINAL-CS-NS-2021-ISFD-ARIEL-FERRARO.pdf\" class=\"wp-block-file__button wp-element-button\" download aria-describedby=\"wp-block-file--media-febf815d-20ee-45fd-ad2e-60b5e326511e\">Descarga<\/a><\/div>\n\n\n\n<div class=\"wp-block-file\"><a id=\"wp-block-file--media-e9dfa32e-0457-44fd-b4ff-fb9f2fc94663\" href=\"https:\/\/ifdcferraro-lrj.infd.edu.ar\/sitio\/wp-content\/uploads\/2021\/11\/Esquema-de-examen-libre-Geografia-2021.pdf\">Esquema-de-examen-libre-Geografia-2021<\/a><a href=\"https:\/\/ifdcferraro-lrj.infd.edu.ar\/sitio\/wp-content\/uploads\/2021\/11\/Esquema-de-examen-libre-Geografia-2021.pdf\" class=\"wp-block-file__button wp-element-button\" download aria-describedby=\"wp-block-file--media-e9dfa32e-0457-44fd-b4ff-fb9f2fc94663\">Descarga<\/a><\/div>\n\n\n\n<div class=\"wp-block-file\"><a id=\"wp-block-file--media-a51622dd-1915-483b-95b3-44bb79b56a8c\" href=\"https:\/\/ifdcferraro-lrj.infd.edu.ar\/sitio\/wp-content\/uploads\/2021\/11\/Esquema-final-de-historia-2021.pdf\">Esquema-final-de-historia-2021<\/a><a href=\"https:\/\/ifdcferraro-lrj.infd.edu.ar\/sitio\/wp-content\/uploads\/2021\/11\/Esquema-final-de-historia-2021.pdf\" class=\"wp-block-file__button wp-element-button\" download aria-describedby=\"wp-block-file--media-a51622dd-1915-483b-95b3-44bb79b56a8c\">Descarga<\/a><\/div>\n\n\n\n<div class=\"wp-block-file\"><a id=\"wp-block-file--media-6c72da47-d4a6-405c-8526-403a6104b290\" href=\"https:\/\/ifdcferraro-lrj.infd.edu.ar\/sitio\/wp-content\/uploads\/2021\/11\/Esquem-de-Filosofia-Final.2021-1.pdf\">Esquem-de-Filosofia-Final.2021-1<\/a><a href=\"https:\/\/ifdcferraro-lrj.infd.edu.ar\/sitio\/wp-content\/uploads\/2021\/11\/Esquem-de-Filosofia-Final.2021-1.pdf\" class=\"wp-block-file__button wp-element-button\" download aria-describedby=\"wp-block-file--media-6c72da47-d4a6-405c-8526-403a6104b290\">Descarga<\/a><\/div>\n\n\n\n<div class=\"wp-block-file\"><a id=\"wp-block-file--media-c6743e94-8987-43b5-851d-8e8067c26b72\" href=\"https:\/\/ifdcferraro-lrj.infd.edu.ar\/sitio\/wp-content\/uploads\/2021\/11\/FINAL-DE-LENGUA-Y-LITERATURA-2021.pdf\">FINAL-DE-LENGUA-Y-LITERATURA-2021<\/a><a href=\"https:\/\/ifdcferraro-lrj.infd.edu.ar\/sitio\/wp-content\/uploads\/2021\/11\/FINAL-DE-LENGUA-Y-LITERATURA-2021.pdf\" class=\"wp-block-file__button wp-element-button\" download aria-describedby=\"wp-block-file--media-c6743e94-8987-43b5-851d-8e8067c26b72\">Descarga<\/a><\/div>\n\n\n\n<div class=\"wp-block-file\"><a id=\"wp-block-file--media-33b35bf5-d62b-41a4-b71c-4dd03af74371\" href=\"https:\/\/ifdcferraro-lrj.infd.edu.ar\/sitio\/wp-content\/uploads\/2021\/11\/ESQUEMA-DE-FINAL-DE-MATEMATICA.pdf\">ESQUEMA-DE-FINAL-DE-MATEMATICA 2021<\/a><a href=\"https:\/\/ifdcferraro-lrj.infd.edu.ar\/sitio\/wp-content\/uploads\/2021\/11\/ESQUEMA-DE-FINAL-DE-MATEMATICA.pdf\" class=\"wp-block-file__button wp-element-button\" download aria-describedby=\"wp-block-file--media-33b35bf5-d62b-41a4-b71c-4dd03af74371\">Descarga<\/a><\/div>\n\n\n\n<div class=\"wp-block-file\"><a id=\"wp-block-file--media-deee9902-6290-4e9c-b4d3-df307362f1ab\" href=\"https:\/\/ifdcferraro-lrj.infd.edu.ar\/sitio\/wp-content\/uploads\/2021\/11\/Esquema-final-de-geografia-2021.pdf\">Esquema-final-de-geografia-2021<\/a><a href=\"https:\/\/ifdcferraro-lrj.infd.edu.ar\/sitio\/wp-content\/uploads\/2021\/11\/Esquema-final-de-geografia-2021.pdf\" class=\"wp-block-file__button wp-element-button\" download aria-describedby=\"wp-block-file--media-deee9902-6290-4e9c-b4d3-df307362f1ab\">Descarga<\/a><\/div>\n\n\n\n<h2 class=\"wp-block-heading has-luminous-vivid-amber-to-luminous-vivid-orange-gradient-background has-background has-medium-font-size\">A\u00f1o 2022<\/h2>\n\n\n\n<div class=\"wp-block-file\"><a id=\"wp-block-file--media-07a46cd8-16ca-4c38-b357-e9b63017ebf2\" href=\"https:\/\/ifdcferraro-lrj.infd.edu.ar\/sitio\/wp-content\/uploads\/2022\/07\/ESQUEMA-FINAL-HISTORIA2022.pdf\">ESQUEMA-FINAL-HISTORIA2022<\/a><a href=\"https:\/\/ifdcferraro-lrj.infd.edu.ar\/sitio\/wp-content\/uploads\/2022\/07\/ESQUEMA-FINAL-HISTORIA2022.pdf\" class=\"wp-block-file__button wp-element-button\" download aria-describedby=\"wp-block-file--media-07a46cd8-16ca-4c38-b357-e9b63017ebf2\">Descarga<\/a><\/div>\n\n\n\n<div class=\"wp-block-file\"><a id=\"wp-block-file--media-e63982d7-0a6a-4801-b2a7-a1b467d06c22\" href=\"https:\/\/ifdcferraro-lrj.infd.edu.ar\/sitio\/wp-content\/uploads\/2022\/07\/Esquema-de-libre-Historia-2022.pdf\">Esquema-de-libre-Historia-2022<\/a><a href=\"https:\/\/ifdcferraro-lrj.infd.edu.ar\/sitio\/wp-content\/uploads\/2022\/07\/Esquema-de-libre-Historia-2022.pdf\" class=\"wp-block-file__button wp-element-button\" download aria-describedby=\"wp-block-file--media-e63982d7-0a6a-4801-b2a7-a1b467d06c22\">Descarga<\/a><\/div>\n\n\n\n<div class=\"wp-block-file\"><a id=\"wp-block-file--media-df53475f-2d10-4f03-8209-b6e59c69dd08\" href=\"https:\/\/ifdcferraro-lrj.infd.edu.ar\/sitio\/wp-content\/uploads\/2022\/10\/ESQUEMA-FINAL-HISTORIA2022.pdf\">ESQUEMA-FINAL-HISTORIA2022<\/a><a href=\"https:\/\/ifdcferraro-lrj.infd.edu.ar\/sitio\/wp-content\/uploads\/2022\/10\/ESQUEMA-FINAL-HISTORIA2022.pdf\" class=\"wp-block-file__button wp-element-button\" download aria-describedby=\"wp-block-file--media-df53475f-2d10-4f03-8209-b6e59c69dd08\">Descarga<\/a><\/div>\n\n\n\n<div class=\"wp-block-file\"><a id=\"wp-block-file--media-1cbf581c-0a0d-400a-acf7-fac735668b15\" href=\"https:\/\/ifdcferraro-lrj.infd.edu.ar\/sitio\/wp-content\/uploads\/2022\/10\/Esquema-de-libre-Historia.pdf\">Esquema-de-libre-Historia<\/a><a href=\"https:\/\/ifdcferraro-lrj.infd.edu.ar\/sitio\/wp-content\/uploads\/2022\/10\/Esquema-de-libre-Historia.pdf\" class=\"wp-block-file__button wp-element-button\" download aria-describedby=\"wp-block-file--media-1cbf581c-0a0d-400a-acf7-fac735668b15\">Descarga<\/a><\/div>\n\n\n\n<div class=\"wp-block-file\"><a id=\"wp-block-file--media-40a5f67b-18cd-47f5-a062-7afffb7f5eec\" href=\"https:\/\/ifdcferraro-lrj.infd.edu.ar\/sitio\/wp-content\/uploads\/2022\/11\/FINAL-DE-LENGUA-Y-LITERATURA-2022.pdf\">FINAL-DE-LENGUA-Y-LITERATURA-2022<\/a><a href=\"https:\/\/ifdcferraro-lrj.infd.edu.ar\/sitio\/wp-content\/uploads\/2022\/11\/FINAL-DE-LENGUA-Y-LITERATURA-2022.pdf\" class=\"wp-block-file__button wp-element-button\" download aria-describedby=\"wp-block-file--media-40a5f67b-18cd-47f5-a062-7afffb7f5eec\">Descarga<\/a><\/div>\n\n\n\n<div class=\"wp-block-file\"><a id=\"wp-block-file--media-bfc649e8-d8e2-427a-b546-c65ef641123e\" href=\"https:\/\/ifdcferraro-lrj.infd.edu.ar\/sitio\/wp-content\/uploads\/2022\/11\/Esquema-de-Final-Filo.pdf\">Esquema-de-Final-Filo<\/a><a href=\"https:\/\/ifdcferraro-lrj.infd.edu.ar\/sitio\/wp-content\/uploads\/2022\/11\/Esquema-de-Final-Filo.pdf\" class=\"wp-block-file__button wp-element-button\" download aria-describedby=\"wp-block-file--media-bfc649e8-d8e2-427a-b546-c65ef641123e\">Descarga<\/a><\/div>\n\n\n\n<div class=\"wp-block-file\"><a id=\"wp-block-file--media-48de1f91-1d9e-435b-9543-571726523327\" href=\"https:\/\/ifdcferraro-lrj.infd.edu.ar\/sitio\/wp-content\/uploads\/2022\/11\/Esquema-Coloquio-de-Geografia2022.pdf\">Esquema-Coloquio-de-Geografia2022<\/a><a href=\"https:\/\/ifdcferraro-lrj.infd.edu.ar\/sitio\/wp-content\/uploads\/2022\/11\/Esquema-Coloquio-de-Geografia2022.pdf\" class=\"wp-block-file__button wp-element-button\" download aria-describedby=\"wp-block-file--media-48de1f91-1d9e-435b-9543-571726523327\">Descarga<\/a><\/div>\n\n\n\n<div class=\"wp-block-file\"><a id=\"wp-block-file--media-94316a66-0bd1-4602-a673-c59b47fe85f8\" href=\"https:\/\/ifdcferraro-lrj.infd.edu.ar\/sitio\/wp-content\/uploads\/2022\/11\/FINAL-DE-CS-NS-2022-ISFD-ARIEL-FERRARO.pdf\">FINAL-DE-CS-NS-2022-ISFD-ARIEL-FERRARO<\/a><a href=\"https:\/\/ifdcferraro-lrj.infd.edu.ar\/sitio\/wp-content\/uploads\/2022\/11\/FINAL-DE-CS-NS-2022-ISFD-ARIEL-FERRARO.pdf\" class=\"wp-block-file__button wp-element-button\" download aria-describedby=\"wp-block-file--media-94316a66-0bd1-4602-a673-c59b47fe85f8\">Descarga<\/a><\/div>\n\n\n\n<div class=\"wp-block-file\"><a id=\"wp-block-file--media-0f962664-5041-46c1-b960-d6f08d44d745\" href=\"https:\/\/ifdcferraro-lrj.infd.edu.ar\/sitio\/wp-content\/uploads\/2022\/11\/FINAL-DE-CS-NS-2022-.pdf\">FINAL-DE-CS-NS-2022-<\/a><a href=\"https:\/\/ifdcferraro-lrj.infd.edu.ar\/sitio\/wp-content\/uploads\/2022\/11\/FINAL-DE-CS-NS-2022-.pdf\" class=\"wp-block-file__button wp-element-button\" download aria-describedby=\"wp-block-file--media-0f962664-5041-46c1-b960-d6f08d44d745\">Descarga<\/a><\/div>\n\n\n\n<div class=\"wp-block-file\"><a id=\"wp-block-file--media-364af9b0-027f-4b65-bcf2-1ef6240c1ff9\" href=\"https:\/\/ifdcferraro-lrj.infd.edu.ar\/sitio\/wp-content\/uploads\/2022\/11\/Esquema-final-de-geografia-2022.docx\">Esquema-final-de-geografia-2022<\/a><a href=\"https:\/\/ifdcferraro-lrj.infd.edu.ar\/sitio\/wp-content\/uploads\/2022\/11\/Esquema-final-de-geografia-2022.docx\" class=\"wp-block-file__button wp-element-button\" download aria-describedby=\"wp-block-file--media-364af9b0-027f-4b65-bcf2-1ef6240c1ff9\">Descarga<\/a><\/div>\n\n\n\n<div class=\"wp-block-file\"><a id=\"wp-block-file--media-18be1f69-7234-4eb5-9ae2-0ce88893b0d7\" href=\"https:\/\/ifdcferraro-lrj.infd.edu.ar\/sitio\/wp-content\/uploads\/2022\/11\/final-Matematica-1\u00b0-ano-2022.pdf\">final-Matematica-1\u00b0-ano-2022<\/a><a href=\"https:\/\/ifdcferraro-lrj.infd.edu.ar\/sitio\/wp-content\/uploads\/2022\/11\/final-Matematica-1\u00b0-ano-2022.pdf\" class=\"wp-block-file__button wp-element-button\" download aria-describedby=\"wp-block-file--media-18be1f69-7234-4eb5-9ae2-0ce88893b0d7\">Descarga<\/a><\/div>\n\n\n\n<h2 class=\"wp-block-heading has-luminous-vivid-amber-to-luminous-vivid-orange-gradient-background has-background has-medium-font-size\">A\u00f1o 2023<\/h2>\n\n\n\n<div class=\"wp-block-file\"><a id=\"wp-block-file--media-6359a857-6729-4760-a83e-cc48b7036536\" href=\"https:\/\/ifdcferraro-lrj.infd.edu.ar\/sitio\/wp-content\/uploads\/2023\/11\/Esquema-final-de-geografia-2023-1.pdf\">2023 GEOGRAFIA Esquema de Final <\/a><a href=\"https:\/\/ifdcferraro-lrj.infd.edu.ar\/sitio\/wp-content\/uploads\/2023\/11\/Esquema-final-de-geografia-2023-1.pdf\" class=\"wp-block-file__button wp-element-button\" download aria-describedby=\"wp-block-file--media-6359a857-6729-4760-a83e-cc48b7036536\">Descarga<\/a><\/div>\n\n\n\n<div class=\"wp-block-file\"><a id=\"wp-block-file--media-3ab2e7ca-75b3-448d-a5ed-fdb2348b0491\" href=\"https:\/\/ifdcferraro-lrj.infd.edu.ar\/sitio\/wp-content\/uploads\/2023\/11\/Esquema-de-final-Lengua-y-Literatura-2023-2.pdf\">2023 LENGUA Y LITERATURA Esquema de Final <\/a><a href=\"https:\/\/ifdcferraro-lrj.infd.edu.ar\/sitio\/wp-content\/uploads\/2023\/11\/Esquema-de-final-Lengua-y-Literatura-2023-2.pdf\" class=\"wp-block-file__button wp-element-button\" download aria-describedby=\"wp-block-file--media-3ab2e7ca-75b3-448d-a5ed-fdb2348b0491\">Descarga<\/a><\/div>\n\n\n\n<div class=\"wp-block-file\"><a id=\"wp-block-file--media-0451d5b4-568c-440a-9ab4-baaeb121aa42\" href=\"https:\/\/ifdcferraro-lrj.infd.edu.ar\/sitio\/wp-content\/uploads\/2023\/11\/2023-final-de-1er-ano-ciencias-naturales.pdf\">2023 CIENCIAS NATURALES Esquema de final<\/a><a href=\"https:\/\/ifdcferraro-lrj.infd.edu.ar\/sitio\/wp-content\/uploads\/2023\/11\/2023-final-de-1er-ano-ciencias-naturales.pdf\" class=\"wp-block-file__button wp-element-button\" download aria-describedby=\"wp-block-file--media-0451d5b4-568c-440a-9ab4-baaeb121aa42\">Descarga<\/a><\/div>\n\n\n\n<div class=\"wp-block-file\"><a id=\"wp-block-file--media-54d5f34d-b1fc-413b-83d0-db45a9300063\" href=\"https:\/\/ifdcferraro-lrj.infd.edu.ar\/sitio\/wp-content\/uploads\/2023\/07\/Esquema-de-FINAL-HISTORIA2023.pdf\">2023 -HISTORIA Esquema de Final <\/a><a href=\"https:\/\/ifdcferraro-lrj.infd.edu.ar\/sitio\/wp-content\/uploads\/2023\/07\/Esquema-de-FINAL-HISTORIA2023.pdf\" class=\"wp-block-file__button wp-element-button\" download aria-describedby=\"wp-block-file--media-54d5f34d-b1fc-413b-83d0-db45a9300063\">Descarga<\/a><\/div>\n\n\n\n<div class=\"wp-block-file\"><a id=\"wp-block-file--media-0d61bd6a-5917-49a4-ae4d-0d81386fbd84\" href=\"https:\/\/ifdcferraro-lrj.infd.edu.ar\/sitio\/wp-content\/uploads\/2023\/11\/2023-PEDAGOGIA-ESQUEMA-FINAL.pdf\">2023-PEDAGOGIA-ESQUEMA-FINAL<\/a><a href=\"https:\/\/ifdcferraro-lrj.infd.edu.ar\/sitio\/wp-content\/uploads\/2023\/11\/2023-PEDAGOGIA-ESQUEMA-FINAL.pdf\" class=\"wp-block-file__button wp-element-button\" download aria-describedby=\"wp-block-file--media-0d61bd6a-5917-49a4-ae4d-0d81386fbd84\">Descarga<\/a><\/div>\n\n\n\n<div class=\"wp-block-file\"><a id=\"wp-block-file--media-c22ee0bf-9126-4d85-ae7b-d1ec9079d5b2\" href=\"https:\/\/ifdcferraro-lrj.infd.edu.ar\/sitio\/wp-content\/uploads\/2023\/12\/2023-MATEMATICA-ESQUEMA-FINAL.pdf\" target=\"_blank\" rel=\"noreferrer noopener\">2023-MATEMATICA-ESQUEMA-FINAL<\/a><a href=\"https:\/\/ifdcferraro-lrj.infd.edu.ar\/sitio\/wp-content\/uploads\/2023\/12\/2023-MATEMATICA-ESQUEMA-FINAL.pdf\" class=\"wp-block-file__button wp-element-button\" download aria-describedby=\"wp-block-file--media-c22ee0bf-9126-4d85-ae7b-d1ec9079d5b2\">Descarga<\/a><\/div>\n\n\n\n<h2 class=\"wp-block-heading has-luminous-vivid-amber-to-luminous-vivid-orange-gradient-background has-background has-medium-font-size\">A\u00f1o 2024<\/h2>\n\n\n\n<div class=\"wp-block-file\"><a id=\"wp-block-file--media-6b8f87d9-aa7b-4a3a-9e01-0351547af6d0\" href=\"https:\/\/ifdcferraro-lrj.infd.edu.ar\/sitio\/wp-content\/uploads\/2024\/12\/2024-FINAL-DE-LENGUA-Y-LITERATURA-.pdf\">2024 LENGUA-Y-LITERATURA-<\/a><a href=\"https:\/\/ifdcferraro-lrj.infd.edu.ar\/sitio\/wp-content\/uploads\/2024\/12\/2024-FINAL-DE-LENGUA-Y-LITERATURA-.pdf\" class=\"wp-block-file__button wp-element-button\" download aria-describedby=\"wp-block-file--media-6b8f87d9-aa7b-4a3a-9e01-0351547af6d0\">Descarga<\/a><\/div>\n\n\n\n<div class=\"wp-block-file\"><a id=\"wp-block-file--media-3e410803-0864-4872-944f-a58f0f22df34\" href=\"https:\/\/ifdcferraro-lrj.infd.edu.ar\/sitio\/wp-content\/uploads\/2024\/12\/2024-Practica-I-Introduccion-a-la-Realidad-Educatica-las-Instituciones-y-su-contexto.pdf\">2024-PRACTICA-I-INTRODUCCION A LA REALIDAD -EDUCATICA  LAS -INSTITUCIONES Y SU CONTEXTO<\/a><a href=\"https:\/\/ifdcferraro-lrj.infd.edu.ar\/sitio\/wp-content\/uploads\/2024\/12\/2024-Practica-I-Introduccion-a-la-Realidad-Educatica-las-Instituciones-y-su-contexto.pdf\" class=\"wp-block-file__button wp-element-button\" download aria-describedby=\"wp-block-file--media-3e410803-0864-4872-944f-a58f0f22df34\">Descarga<\/a><\/div>\n\n\n\n<div class=\"wp-block-file\"><a id=\"wp-block-file--media-7fb02fd6-9b24-40da-a1b3-019599a3cb5e\" href=\"https:\/\/ifdcferraro-lrj.infd.edu.ar\/sitio\/wp-content\/uploads\/2024\/07\/2024-HISTORIA-Esquema-de-Final.pdf\">2024-HISTORIA <\/a><a href=\"https:\/\/ifdcferraro-lrj.infd.edu.ar\/sitio\/wp-content\/uploads\/2024\/07\/2024-HISTORIA-Esquema-de-Final.pdf\" class=\"wp-block-file__button wp-element-button\" download aria-describedby=\"wp-block-file--media-7fb02fd6-9b24-40da-a1b3-019599a3cb5e\">Descarga<\/a><\/div>\n\n\n\n<div class=\"wp-block-file\"><a id=\"wp-block-file--media-321c7551-8f2a-40a1-b09b-bb5fd0626ee0\" href=\"https:\/\/ifdcferraro-lrj.infd.edu.ar\/sitio\/wp-content\/uploads\/2024\/07\/2024-FILOSOFIA-Esquema-de-Final.pdf\">2024-FILOSOFIA <\/a><a href=\"https:\/\/ifdcferraro-lrj.infd.edu.ar\/sitio\/wp-content\/uploads\/2024\/07\/2024-FILOSOFIA-Esquema-de-Final.pdf\" class=\"wp-block-file__button wp-element-button\" download aria-describedby=\"wp-block-file--media-321c7551-8f2a-40a1-b09b-bb5fd0626ee0\">Descarga<\/a><\/div>\n\n\n\n<div class=\"wp-block-file\"><a id=\"wp-block-file--media-2fd378c5-675f-45a4-9602-d62cbe95d515\" href=\"https:\/\/ifdcferraro-lrj.infd.edu.ar\/sitio\/wp-content\/uploads\/2024\/11\/Esquema-de-Final-2024-Pedagogia.pdf\">-2024-PEDAGOGIA<\/a><a href=\"https:\/\/ifdcferraro-lrj.infd.edu.ar\/sitio\/wp-content\/uploads\/2024\/11\/Esquema-de-Final-2024-Pedagogia.pdf\" class=\"wp-block-file__button wp-element-button\" download aria-describedby=\"wp-block-file--media-2fd378c5-675f-45a4-9602-d62cbe95d515\">Descarga<\/a><\/div>\n\n\n\n<div class=\"wp-block-file\"><a id=\"wp-block-file--media-ea47e91b-e0cd-47c6-add3-93839264be6f\" href=\"https:\/\/ifdcferraro-lrj.infd.edu.ar\/sitio\/wp-content\/uploads\/2024\/11\/ESQUEMA-DE-TALLER-DE-LECTURA-Y-ESCRITURA-ACADEMICA-2024.pdf\">2024&#8211;TALLER-DE-LECTURA-Y-ESCRITURA-ACADEMICA-<\/a><a href=\"https:\/\/ifdcferraro-lrj.infd.edu.ar\/sitio\/wp-content\/uploads\/2024\/11\/ESQUEMA-DE-TALLER-DE-LECTURA-Y-ESCRITURA-ACADEMICA-2024.pdf\" class=\"wp-block-file__button wp-element-button\" download aria-describedby=\"wp-block-file--media-ea47e91b-e0cd-47c6-add3-93839264be6f\">Descarga<\/a><\/div>\n\n\n\n<div class=\"wp-block-file\"><a id=\"wp-block-file--media-2043279f-470f-4ca9-aec7-ea283389a6bf\" href=\"https:\/\/ifdcferraro-lrj.infd.edu.ar\/sitio\/wp-content\/uploads\/2024\/12\/2024-final-de-cs-ns-ISFD-A.-FERRARO.pdf\">2024- CIENCIAS  NATURALES <\/a><a href=\"https:\/\/ifdcferraro-lrj.infd.edu.ar\/sitio\/wp-content\/uploads\/2024\/12\/2024-final-de-cs-ns-ISFD-A.-FERRARO.pdf\" class=\"wp-block-file__button wp-element-button\" download aria-describedby=\"wp-block-file--media-2043279f-470f-4ca9-aec7-ea283389a6bf\">Descarga<\/a><\/div>\n\n\n\n<div class=\"wp-block-file\"><a id=\"wp-block-file--media-d483607c-13dc-4cff-9f72-13d66ac607ed\" href=\"https:\/\/ifdcferraro-lrj.infd.edu.ar\/sitio\/wp-content\/uploads\/2024\/12\/2024-final-de-geografia.pdf\">2024-GEOGRAFIA. <\/a><a href=\"https:\/\/ifdcferraro-lrj.infd.edu.ar\/sitio\/wp-content\/uploads\/2024\/12\/2024-final-de-geografia.pdf\" class=\"wp-block-file__button wp-element-button\" download aria-describedby=\"wp-block-file--media-d483607c-13dc-4cff-9f72-13d66ac607ed\">Descarga<\/a><\/div>\n\n\n\n<h2 class=\"wp-block-heading has-luminous-vivid-amber-to-luminous-vivid-orange-gradient-background has-background has-medium-font-size\">A\u00f1o 2025<\/h2>\n\n\n\n<div class=\"wp-block-file\"><a id=\"wp-block-file--media-a8c637a9-536d-4cc0-8a84-92ab6e019526\" href=\"https:\/\/ifdcferraro-lrj.infd.edu.ar\/sitio\/wp-content\/uploads\/2025\/07\/2025-Historia-esquema-de-final.pdf\">2025-Historia-esquema-de-final<\/a><a href=\"https:\/\/ifdcferraro-lrj.infd.edu.ar\/sitio\/wp-content\/uploads\/2025\/07\/2025-Historia-esquema-de-final.pdf\" class=\"wp-block-file__button wp-element-button\" download aria-describedby=\"wp-block-file--media-a8c637a9-536d-4cc0-8a84-92ab6e019526\">Descarga<\/a><\/div>\n\n\n\n<div class=\"wp-block-file\"><a id=\"wp-block-file--media-94ec8ab3-1807-4437-95be-0498a56b4742\" href=\"https:\/\/ifdcferraro-lrj.infd.edu.ar\/sitio\/wp-content\/uploads\/2025\/07\/2025-Filosofia-Esquema-de-Final-.pdf\" target=\"_blank\" rel=\"noreferrer noopener\">2025-Filosofia-Esquema-de-Final-<\/a><a href=\"https:\/\/ifdcferraro-lrj.infd.edu.ar\/sitio\/wp-content\/uploads\/2025\/07\/2025-Filosofia-Esquema-de-Final-.pdf\" class=\"wp-block-file__button wp-element-button\" download aria-describedby=\"wp-block-file--media-94ec8ab3-1807-4437-95be-0498a56b4742\">Descarga<\/a><\/div>\n\n\n\n<div class=\"wp-block-file\"><a id=\"wp-block-file--media-7af746c0-ae75-431c-aa17-226c9c4c2fb0\" href=\"https:\/\/ifdcferraro-lrj.infd.edu.ar\/sitio\/wp-content\/uploads\/2025\/11\/FINAL-DE-LENGUA-Y-LITERATURA-1-ano-2025.pdf\">FINAL-DE-LENGUA-Y-LITERATURA-1-ano-2025<\/a><a href=\"https:\/\/ifdcferraro-lrj.infd.edu.ar\/sitio\/wp-content\/uploads\/2025\/11\/FINAL-DE-LENGUA-Y-LITERATURA-1-ano-2025.pdf\" class=\"wp-block-file__button wp-element-button\" download aria-describedby=\"wp-block-file--media-7af746c0-ae75-431c-aa17-226c9c4c2fb0\">Descarga<\/a><\/div>\n\n\n\n<div class=\"wp-block-file\"><a id=\"wp-block-file--media-fb91cf39-9948-4cf5-a4f8-41d058a0561e\" href=\"https:\/\/ifdcferraro-lrj.infd.edu.ar\/sitio\/wp-content\/uploads\/2025\/11\/2025-geografia-final-1.pdf\">2025-geografia-final-1<\/a><a href=\"https:\/\/ifdcferraro-lrj.infd.edu.ar\/sitio\/wp-content\/uploads\/2025\/11\/2025-geografia-final-1.pdf\" class=\"wp-block-file__button wp-element-button\" download aria-describedby=\"wp-block-file--media-fb91cf39-9948-4cf5-a4f8-41d058a0561e\">Descarga<\/a><\/div>\n\n\n\n<div class=\"wp-block-file\"><a id=\"wp-block-file--media-3e0f0e9b-c90e-4d81-8d2a-edec48e49f8f\" href=\"https:\/\/ifdcferraro-lrj.infd.edu.ar\/sitio\/wp-content\/uploads\/2025\/11\/PRIMER-CIERRE-DE-TALLER-DE-LECTURA-Y-ESCRITURA-2025.pdf\">PRIMER-CIERRE-DE-TALLER-DE-LECTURA-Y-ESCRITURA-2025<\/a><a href=\"https:\/\/ifdcferraro-lrj.infd.edu.ar\/sitio\/wp-content\/uploads\/2025\/11\/PRIMER-CIERRE-DE-TALLER-DE-LECTURA-Y-ESCRITURA-2025.pdf\" class=\"wp-block-file__button wp-element-button\" download aria-describedby=\"wp-block-file--media-3e0f0e9b-c90e-4d81-8d2a-edec48e49f8f\">Descarga<\/a><\/div>\n\n\n\n<div class=\"wp-block-file\"><a id=\"wp-block-file--media-6657e4d9-f155-44bd-ab86-382c74a8176a\" href=\"https:\/\/ifdcferraro-lrj.infd.edu.ar\/sitio\/wp-content\/uploads\/2025\/11\/Esquema-de-Final-Matema\u0301tica-2025.pdf\">Esquema-de-Final-Matema\u0301tica-2025<\/a><a href=\"https:\/\/ifdcferraro-lrj.infd.edu.ar\/sitio\/wp-content\/uploads\/2025\/11\/Esquema-de-Final-Matema\u0301tica-2025.pdf\" class=\"wp-block-file__button wp-element-button\" download aria-describedby=\"wp-block-file--media-6657e4d9-f155-44bd-ab86-382c74a8176a\">Descarga<\/a><\/div>\n\n\n\n<div class=\"wp-block-file\"><a id=\"wp-block-file--media-dee34b8b-6790-468c-acda-d5f6d2381468\" href=\"https:\/\/ifdcferraro-lrj.infd.edu.ar\/sitio\/wp-content\/uploads\/2025\/11\/CS-NS-FINAL-2025-1.pdf\">CS-NS-FINAL-2025-1<\/a><a href=\"https:\/\/ifdcferraro-lrj.infd.edu.ar\/sitio\/wp-content\/uploads\/2025\/11\/CS-NS-FINAL-2025-1.pdf\" class=\"wp-block-file__button wp-element-button\" download aria-describedby=\"wp-block-file--media-dee34b8b-6790-468c-acda-d5f6d2381468\">Descarga<\/a><\/div>\n\n\n\n<div class=\"wp-block-file\"><a id=\"wp-block-file--media-54e99812-c516-475f-a4f9-c65d0ffa3ea3\" href=\"https:\/\/ifdcferraro-lrj.infd.edu.ar\/sitio\/wp-content\/uploads\/2025\/11\/Esquema-de-Final-Pedagogia-2025.pdf\">Esquema-de-Final-Pedagogia-2025<\/a><a href=\"https:\/\/ifdcferraro-lrj.infd.edu.ar\/sitio\/wp-content\/uploads\/2025\/11\/Esquema-de-Final-Pedagogia-2025.pdf\" class=\"wp-block-file__button wp-element-button\" download aria-describedby=\"wp-block-file--media-54e99812-c516-475f-a4f9-c65d0ffa3ea3\">Descarga<\/a><\/div>\n\n\n\n<div class=\"wp-block-file\"><a id=\"wp-block-file--media-375e4df0-2180-4147-8213-cfb652f1aa86\" href=\"https:\/\/ifdcferraro-lrj.infd.edu.ar\/sitio\/wp-content\/uploads\/2025\/11\/Esquema-de-Cierre.-Practica-I.pdf\">Esquema-de-Cierre.-Practica-I<\/a><a href=\"https:\/\/ifdcferraro-lrj.infd.edu.ar\/sitio\/wp-content\/uploads\/2025\/11\/Esquema-de-Cierre.-Practica-I.pdf\" class=\"wp-block-file__button wp-element-button\" download aria-describedby=\"wp-block-file--media-375e4df0-2180-4147-8213-cfb652f1aa86\">Descarga<\/a><\/div>\n","protected":false},"excerpt":{"rendered":"<p>A\u00f1o 2021 A\u00f1o 2022 A\u00f1o 2023 A\u00f1o 2024 A\u00f1o 2025<\/p>\n","protected":false},"author":82,"featured_media":0,"parent":0,"menu_order":0,"comment_status":"closed","ping_status":"closed","template":"","meta":[],"acf":[],"_links":{"self":[{"href":"https:\/\/ifdcferraro-lrj.infd.edu.ar\/sitio\/wp-json\/wp\/v2\/pages\/748"}],"collection":[{"href":"https:\/\/ifdcferraro-lrj.infd.edu.ar\/sitio\/wp-json\/wp\/v2\/pages"}],"about":[{"href":"https:\/\/ifdcferraro-lrj.infd.edu.ar\/sitio\/wp-json\/wp\/v2\/types\/page"}],"author":[{"embeddable":true,"href":"https:\/\/ifdcferraro-lrj.infd.edu.ar\/sitio\/wp-json\/wp\/v2\/users\/82"}],"replies":[{"embeddable":true,"href":"https:\/\/ifdcferraro-lrj.infd.edu.ar\/sitio\/wp-json\/wp\/v2\/comments?post=748"}],"version-history":[{"count":92,"href":"https:\/\/ifdcferraro-lrj.infd.edu.ar\/sitio\/wp-json\/wp\/v2\/pages\/748\/revisions"}],"predecessor-version":[{"id":3615,"href":"https:\/\/ifdcferraro-lrj.infd.edu.ar\/sitio\/wp-json\/wp\/v2\/pages\/748\/revisions\/3615"}],"wp:attachment":[{"href":"https:\/\/ifdcferraro-lrj.infd.edu.ar\/sitio\/wp-json\/wp\/v2\/media?parent=748"}],"curies":[{"name":"wp","href":"https:\/\/api.w.org\/{rel}","templated":true}]}}