{"id":749,"date":"2018-07-03T12:47:31","date_gmt":"2018-07-03T15:47:31","guid":{"rendered":"https:\/\/ifdcferraro-lrj.infd.edu.ar\/sitio\/autoridades\/"},"modified":"2025-05-30T19:28:44","modified_gmt":"2025-05-30T22:28:44","slug":"autoridades","status":"publish","type":"page","link":"https:\/\/ifdcferraro-lrj.infd.edu.ar\/sitio\/autoridades\/","title":{"rendered":"Autoridades"},"content":{"rendered":"\n<figure class=\"wp-block-table is-style-stripes has-medium-font-size\"><table><tbody><tr><td class=\"has-text-align-center\" data-align=\"center\"><strong>Director<\/strong><br>Prof. GALLARDO, Antonio Gustavo<\/td><\/tr><tr><td class=\"has-text-align-center\" data-align=\"center\"><strong>Jefe de Departamento de Grado<\/strong><br>Prof. AGUIRRE, Carlos Vicente<\/td><\/tr><tr><td class=\"has-text-align-center\" data-align=\"center\"><strong>Jefa de Departamento de Capacitaci\u00f3n<\/strong><br>Prof. LLANOS, Gabriela Nidia<\/td><\/tr><tr><td class=\"has-text-align-center\" data-align=\"center\"><strong>Jefa de Departamento de Investigaci\u00f3n<\/strong><br>Prof. TORRES, Maica Elizabeth<\/td><\/tr><tr><td class=\"has-text-align-center\" data-align=\"center\"><strong>Coordinadora de Pr\u00e1ctica<\/strong><br>Prof. AG\u00dcERO Julia Elena<\/td><\/tr><\/tbody><\/table><\/figure>\n","protected":false},"excerpt":{"rendered":"<p>DirectorProf. GALLARDO, Antonio Gustavo Jefe de Departamento de GradoProf. AGUIRRE, Carlos Vicente Jefa de Departamento de Capacitaci\u00f3nProf. LLANOS, Gabriela Nidia Jefa de Departamento de Investigaci\u00f3nProf. TORRES, Maica Elizabeth Coordinadora de Pr\u00e1cticaProf. AG\u00dcERO Julia Elena<\/p>\n","protected":false},"author":82,"featured_media":0,"parent":0,"menu_order":0,"comment_status":"closed","ping_status":"closed","template":"","meta":[],"acf":[],"_links":{"self":[{"href":"https:\/\/ifdcferraro-lrj.infd.edu.ar\/sitio\/wp-json\/wp\/v2\/pages\/749"}],"collection":[{"href":"https:\/\/ifdcferraro-lrj.infd.edu.ar\/sitio\/wp-json\/wp\/v2\/pages"}],"about":[{"href":"https:\/\/ifdcferraro-lrj.infd.edu.ar\/sitio\/wp-json\/wp\/v2\/types\/page"}],"author":[{"embeddable":true,"href":"https:\/\/ifdcferraro-lrj.infd.edu.ar\/sitio\/wp-json\/wp\/v2\/users\/82"}],"replies":[{"embeddable":true,"href":"https:\/\/ifdcferraro-lrj.infd.edu.ar\/sitio\/wp-json\/wp\/v2\/comments?post=749"}],"version-history":[{"count":10,"href":"https:\/\/ifdcferraro-lrj.infd.edu.ar\/sitio\/wp-json\/wp\/v2\/pages\/749\/revisions"}],"predecessor-version":[{"id":3045,"href":"https:\/\/ifdcferraro-lrj.infd.edu.ar\/sitio\/wp-json\/wp\/v2\/pages\/749\/revisions\/3045"}],"wp:attachment":[{"href":"https:\/\/ifdcferraro-lrj.infd.edu.ar\/sitio\/wp-json\/wp\/v2\/media?parent=749"}],"curies":[{"name":"wp","href":"https:\/\/api.w.org\/{rel}","templated":true}]}}