{"id":758,"date":"2018-07-10T12:50:29","date_gmt":"2018-07-10T15:50:29","guid":{"rendered":"https:\/\/ifdcferraro-lrj.infd.edu.ar\/sitio\/?page_id=758"},"modified":"2025-11-19T19:17:20","modified_gmt":"2025-11-19T22:17:20","slug":"cuarto-ano-esquemas-de-final","status":"publish","type":"page","link":"https:\/\/ifdcferraro-lrj.infd.edu.ar\/sitio\/cuarto-ano-esquemas-de-final\/","title":{"rendered":"Cuarto A\u00f1o &#8211; Esquemas de Final"},"content":{"rendered":"\n<h2 class=\"wp-block-heading has-luminous-vivid-amber-to-luminous-vivid-orange-gradient-background has-background has-medium-font-size\">A\u00f1o 2021<\/h2>\n\n\n\n<div class=\"wp-block-file\"><a id=\"wp-block-file--media-8e990002-0c58-463f-b10b-5cdd07904cd9\" href=\"https:\/\/ifdcferraro-lrj.infd.edu.ar\/sitio\/wp-content\/uploads\/2021\/11\/Esquema-de-Etica-y-deontologia-2021.pdf\">Esquema-de-Etica-y-deontologia-2021<\/a><a href=\"https:\/\/ifdcferraro-lrj.infd.edu.ar\/sitio\/wp-content\/uploads\/2021\/11\/Esquema-de-Etica-y-deontologia-2021.pdf\" class=\"wp-block-file__button wp-element-button\" download aria-describedby=\"wp-block-file--media-8e990002-0c58-463f-b10b-5cdd07904cd9\">Descarga<\/a><\/div>\n\n\n\n<div class=\"wp-block-file\"><a id=\"wp-block-file--media-94d6fe35-c09d-4e44-86ad-6f0159510c77\" href=\"https:\/\/ifdcferraro-lrj.infd.edu.ar\/sitio\/wp-content\/uploads\/2022\/11\/final-libre-ETICA-2022-1.pdf\">final-libre-ETICA-2022-1<\/a><a href=\"https:\/\/ifdcferraro-lrj.infd.edu.ar\/sitio\/wp-content\/uploads\/2022\/11\/final-libre-ETICA-2022-1.pdf\" class=\"wp-block-file__button wp-element-button\" download aria-describedby=\"wp-block-file--media-94d6fe35-c09d-4e44-86ad-6f0159510c77\">Descarga<\/a><\/div>\n\n\n\n<h2 class=\"wp-block-heading has-luminous-vivid-amber-to-luminous-vivid-orange-gradient-background has-background has-medium-font-size\">A\u00f1o 2022<\/h2>\n\n\n\n<div class=\"wp-block-file\"><a id=\"wp-block-file--media-76011d9a-80ee-47de-9ed4-51a172944d53\" href=\"https:\/\/ifdcferraro-lrj.infd.edu.ar\/sitio\/wp-content\/uploads\/2023\/11\/ESQUEMA-FINAL-2023-ED.-FISICA.pdf\">ESQUEMA-FINAL-2023-ED.-FISICA<\/a><a href=\"https:\/\/ifdcferraro-lrj.infd.edu.ar\/sitio\/wp-content\/uploads\/2023\/11\/ESQUEMA-FINAL-2023-ED.-FISICA.pdf\" class=\"wp-block-file__button wp-element-button\" download aria-describedby=\"wp-block-file--media-76011d9a-80ee-47de-9ed4-51a172944d53\">Descarga<\/a><\/div>\n\n\n\n<div class=\"wp-block-file\"><a id=\"wp-block-file--media-2f1e5567-2cf5-4156-88fd-c1d67742c30d\" href=\"https:\/\/ifdcferraro-lrj.infd.edu.ar\/sitio\/wp-content\/uploads\/2022\/11\/final-libre-ETICA-2022.pdf\">final-libre-ETICA-2022<\/a><a href=\"https:\/\/ifdcferraro-lrj.infd.edu.ar\/sitio\/wp-content\/uploads\/2022\/11\/final-libre-ETICA-2022.pdf\" class=\"wp-block-file__button wp-element-button\" download aria-describedby=\"wp-block-file--media-2f1e5567-2cf5-4156-88fd-c1d67742c30d\">Descarga<\/a><\/div>\n\n\n\n<div class=\"wp-block-file\"><a id=\"wp-block-file--media-367e859b-56bd-4e54-99f4-b2945738a102\" href=\"https:\/\/ifdcferraro-lrj.infd.edu.ar\/sitio\/wp-content\/uploads\/2023\/11\/examen-final-libre-etica.pdf\">examen-final-libre-etica<\/a><a href=\"https:\/\/ifdcferraro-lrj.infd.edu.ar\/sitio\/wp-content\/uploads\/2023\/11\/examen-final-libre-etica.pdf\" class=\"wp-block-file__button wp-element-button\" download aria-describedby=\"wp-block-file--media-367e859b-56bd-4e54-99f4-b2945738a102\">Descarga<\/a><\/div>\n\n\n\n<h2 class=\"wp-block-heading has-luminous-vivid-amber-to-luminous-vivid-orange-gradient-background has-background has-medium-font-size\">A\u00f1o 2023<\/h2>\n\n\n\n<div class=\"wp-block-file\"><a id=\"wp-block-file--media-f90f4c89-bf84-4c74-a3a4-fe92d209b75b\" href=\"https:\/\/ifdcferraro-lrj.infd.edu.ar\/sitio\/wp-content\/uploads\/2023\/11\/2023-ETICA-Y-DEONTOLOGIA-ESQUEMA-FINAL.pdf\">2023-ETICA-Y-DEONTOLOGIA-ESQUEMA-FINAL<\/a><a href=\"https:\/\/ifdcferraro-lrj.infd.edu.ar\/sitio\/wp-content\/uploads\/2023\/11\/2023-ETICA-Y-DEONTOLOGIA-ESQUEMA-FINAL.pdf\" class=\"wp-block-file__button wp-element-button\" download aria-describedby=\"wp-block-file--media-f90f4c89-bf84-4c74-a3a4-fe92d209b75b\">Descarga<\/a><\/div>\n\n\n\n<h2 class=\"wp-block-heading has-luminous-vivid-amber-to-luminous-vivid-orange-gradient-background has-background has-medium-font-size\">A\u00f1o 2024<\/h2>\n\n\n\n<div class=\"wp-block-file\"><a id=\"wp-block-file--media-859ee051-1745-4064-b14a-2ff7543eb597\" href=\"https:\/\/ifdcferraro-lrj.infd.edu.ar\/sitio\/wp-content\/uploads\/2024\/08\/2024-ETICA-Y-DEONTOLOGIA-ESQUEMA-FINAL.pdf\">2024-ETICA-Y-DEONTOLOGIA-ESQUEMA-FINAL<\/a><a href=\"https:\/\/ifdcferraro-lrj.infd.edu.ar\/sitio\/wp-content\/uploads\/2024\/08\/2024-ETICA-Y-DEONTOLOGIA-ESQUEMA-FINAL.pdf\" class=\"wp-block-file__button wp-element-button\" download aria-describedby=\"wp-block-file--media-859ee051-1745-4064-b14a-2ff7543eb597\">Descarga<\/a><\/div>\n\n\n\n<div class=\"wp-block-file\"><a id=\"wp-block-file--media-7242b13d-2c6b-47c5-9f8a-42c70069f649\" href=\"https:\/\/ifdcferraro-lrj.infd.edu.ar\/sitio\/wp-content\/uploads\/2024\/08\/2024-EDUCACION-FISICA-ESQUEMA-DE-FINAL.pdf\">2024-EDUCACION-FISICA-ESQUEMA-DE-FINAL<\/a><a href=\"https:\/\/ifdcferraro-lrj.infd.edu.ar\/sitio\/wp-content\/uploads\/2024\/08\/2024-EDUCACION-FISICA-ESQUEMA-DE-FINAL.pdf\" class=\"wp-block-file__button wp-element-button\" download aria-describedby=\"wp-block-file--media-7242b13d-2c6b-47c5-9f8a-42c70069f649\">Descarga<\/a><\/div>\n\n\n\n<h2 class=\"wp-block-heading has-luminous-vivid-amber-to-luminous-vivid-orange-gradient-background has-background has-medium-font-size\">2025<\/h2>\n\n\n\n<div class=\"wp-block-file\"><a id=\"wp-block-file--media-be1939b6-fe15-46bc-b64a-fd5a41798694\" href=\"https:\/\/ifdcferraro-lrj.infd.edu.ar\/sitio\/wp-content\/uploads\/2025\/07\/2025-Etica-Esquemas-de-Coloquio-y-Final-.pdf\">2025-Etica-Esquemas-de-Coloquio-y-Final-<\/a><a href=\"https:\/\/ifdcferraro-lrj.infd.edu.ar\/sitio\/wp-content\/uploads\/2025\/07\/2025-Etica-Esquemas-de-Coloquio-y-Final-.pdf\" class=\"wp-block-file__button wp-element-button\" download aria-describedby=\"wp-block-file--media-be1939b6-fe15-46bc-b64a-fd5a41798694\">Descarga<\/a><\/div>\n\n\n\n<div class=\"wp-block-file\"><a id=\"wp-block-file--media-8487d024-8a19-4755-bb9f-ce71fad79298\" href=\"https:\/\/ifdcferraro-lrj.infd.edu.ar\/sitio\/wp-content\/uploads\/2025\/07\/2025-Lenguaje-Musical-esquema-taller-.-.pdf\">2025-Lenguaje-Musical-esquema-taller-.-<\/a><a href=\"https:\/\/ifdcferraro-lrj.infd.edu.ar\/sitio\/wp-content\/uploads\/2025\/07\/2025-Lenguaje-Musical-esquema-taller-.-.pdf\" class=\"wp-block-file__button wp-element-button\" download aria-describedby=\"wp-block-file--media-8487d024-8a19-4755-bb9f-ce71fad79298\">Descarga<\/a><\/div>\n\n\n\n<div class=\"wp-block-file\"><a id=\"wp-block-file--media-b814b7ee-4aa3-4fc3-8ad4-5546993b6c4f\" href=\"https:\/\/ifdcferraro-lrj.infd.edu.ar\/sitio\/wp-content\/uploads\/2025\/07\/2025-Educacion-Tecnologica-ESQUEMA-DE-CIERRE-.pdf\">2025-Educacion-Tecnologica-ESQUEMA-DE-CIERRE-<\/a><a href=\"https:\/\/ifdcferraro-lrj.infd.edu.ar\/sitio\/wp-content\/uploads\/2025\/07\/2025-Educacion-Tecnologica-ESQUEMA-DE-CIERRE-.pdf\" class=\"wp-block-file__button wp-element-button\" download aria-describedby=\"wp-block-file--media-b814b7ee-4aa3-4fc3-8ad4-5546993b6c4f\">Descarga<\/a><\/div>\n","protected":false},"excerpt":{"rendered":"<p>A\u00f1o 2021 A\u00f1o 2022 A\u00f1o 2023 A\u00f1o 2024 2025<\/p>\n","protected":false},"author":82,"featured_media":0,"parent":0,"menu_order":0,"comment_status":"closed","ping_status":"closed","template":"","meta":[],"acf":[],"_links":{"self":[{"href":"https:\/\/ifdcferraro-lrj.infd.edu.ar\/sitio\/wp-json\/wp\/v2\/pages\/758"}],"collection":[{"href":"https:\/\/ifdcferraro-lrj.infd.edu.ar\/sitio\/wp-json\/wp\/v2\/pages"}],"about":[{"href":"https:\/\/ifdcferraro-lrj.infd.edu.ar\/sitio\/wp-json\/wp\/v2\/types\/page"}],"author":[{"embeddable":true,"href":"https:\/\/ifdcferraro-lrj.infd.edu.ar\/sitio\/wp-json\/wp\/v2\/users\/82"}],"replies":[{"embeddable":true,"href":"https:\/\/ifdcferraro-lrj.infd.edu.ar\/sitio\/wp-json\/wp\/v2\/comments?post=758"}],"version-history":[{"count":20,"href":"https:\/\/ifdcferraro-lrj.infd.edu.ar\/sitio\/wp-json\/wp\/v2\/pages\/758\/revisions"}],"predecessor-version":[{"id":3596,"href":"https:\/\/ifdcferraro-lrj.infd.edu.ar\/sitio\/wp-json\/wp\/v2\/pages\/758\/revisions\/3596"}],"wp:attachment":[{"href":"https:\/\/ifdcferraro-lrj.infd.edu.ar\/sitio\/wp-json\/wp\/v2\/media?parent=758"}],"curies":[{"name":"wp","href":"https:\/\/api.w.org\/{rel}","templated":true}]}}